{"id":644,"date":"2023-09-18T11:52:14","date_gmt":"2023-09-18T11:52:14","guid":{"rendered":"https:\/\/aflaz.org\/?page_id=644"},"modified":"2023-09-22T19:06:19","modified_gmt":"2023-09-22T19:06:19","slug":"644-2","status":"publish","type":"page","link":"https:\/\/aflasol.nuw.rptu.de\/?page_id=644","title":{"rendered":"Legal Notice"},"content":{"rendered":"\n<div class=\"wp-block-group is-style-default has-background-color has-white-background-color has-text-color has-background is-layout-constrained wp-block-group-is-layout-constrained\" style=\"border-style:none;border-width:0px;border-radius:12px;padding-top:var(--wp--preset--spacing--80);padding-bottom:var(--wp--preset--spacing--80)\">\n<p><strong>Provider<\/strong><\/p>\n\n\n\n<p>Rheinland-Pf\u00e4lzische Technische Universit\u00e4t Kaiserslautern-Landau<br>Gottlieb-Daimler-Stra\u00dfe, Geb\u00e4ude 47<br>67663 Kaiserslautern<br>Deutschland<\/p>\n\n\n\n<p><strong>Telefon: <\/strong>+49 631 205 0<br><strong>Telefax: <\/strong>+49 631 205 3200<br><strong>E-Mail: <\/strong>info@rptu.de<\/p>\n\n\n\n<p>The Rheinland-Pf\u00e4lzische Technische Universit\u00e4t Kaiserslautern-Landau (RPTU) is a public law corporation. It is represented by the dual presidency of RPTU, which generally jointly holds the position of President: Co-President Prof. Dr. Arnd Poetzsch-Heffter, Co-President Prof. Dr. Gabriele E. Schaumann.<\/p>\n\n\n\n<p>VAT Identification Number: DE 148 642 087 <\/p>\n\n\n\n<p><strong>Supervisory Authority<\/strong><\/p>\n\n\n\n<p>Ministerium f\u00fcr Wissenschaft und Gesundheit des Landes Rheinland-Pfalz<br>Mittlere Bleiche 61<br>55116 Mainz<\/p>\n\n\n\n<p><strong>Content Responsibility<\/strong><\/p>\n\n\n\n<p>Responsible under \u00a7 18 Abs. 2 MStV<\/p>\n\n\n\n<p>Katherine Munoz<br>Fortstra\u00dfe 7<br>Building I , Room 4.30<br>76829 Landau<\/p>\n\n\n\n<p><\/p>\n<\/div>\n","protected":false},"excerpt":{"rendered":"<p>Provider Rheinland-Pf\u00e4lzische Technische Universit\u00e4t Kaiserslautern-LandauGottlieb-Daimler-Stra\u00dfe, Geb\u00e4ude 4767663 KaiserslauternDeutschland Telefon: +49 631 205 0Telefax: +49 631 205 3200E-Mail: info@rptu.de The Rheinland-Pf\u00e4lzische Technische Universit\u00e4t Kaiserslautern-Landau (RPTU) is a public law corporation. It is represented by the dual presidency of RPTU, which generally jointly holds the position of President: Co-President Prof. Dr. Arnd Poetzsch-Heffter, Co-President Prof. Dr. Gabriele [&hellip;]<\/p>\n","protected":false},"author":1,"featured_media":0,"parent":0,"menu_order":0,"comment_status":"closed","ping_status":"closed","template":"","meta":{"_editorskit_title_hidden":false,"_editorskit_reading_time":0,"_editorskit_is_block_options_detached":false,"_editorskit_block_options_position":"{}","footnotes":""},"class_list":["post-644","page","type-page","status-publish","hentry"],"_links":{"self":[{"href":"https:\/\/aflasol.nuw.rptu.de\/index.php?rest_route=\/wp\/v2\/pages\/644","targetHints":{"allow":["GET"]}}],"collection":[{"href":"https:\/\/aflasol.nuw.rptu.de\/index.php?rest_route=\/wp\/v2\/pages"}],"about":[{"href":"https:\/\/aflasol.nuw.rptu.de\/index.php?rest_route=\/wp\/v2\/types\/page"}],"author":[{"embeddable":true,"href":"https:\/\/aflasol.nuw.rptu.de\/index.php?rest_route=\/wp\/v2\/users\/1"}],"replies":[{"embeddable":true,"href":"https:\/\/aflasol.nuw.rptu.de\/index.php?rest_route=%2Fwp%2Fv2%2Fcomments&post=644"}],"version-history":[{"count":14,"href":"https:\/\/aflasol.nuw.rptu.de\/index.php?rest_route=\/wp\/v2\/pages\/644\/revisions"}],"predecessor-version":[{"id":753,"href":"https:\/\/aflasol.nuw.rptu.de\/index.php?rest_route=\/wp\/v2\/pages\/644\/revisions\/753"}],"wp:attachment":[{"href":"https:\/\/aflasol.nuw.rptu.de\/index.php?rest_route=%2Fwp%2Fv2%2Fmedia&parent=644"}],"curies":[{"name":"wp","href":"https:\/\/api.w.org\/{rel}","templated":true}]}}